{"id":72378,"date":"2023-02-23T09:59:48","date_gmt":"2023-02-23T14:59:48","guid":{"rendered":"https:\/\/tnitrenton.org\/live-copy\/"},"modified":"2025-10-27T10:37:31","modified_gmt":"2025-10-27T14:37:31","slug":"work","status":"publish","type":"page","link":"https:\/\/tnitrenton.org\/es\/work\/","title":{"rendered":"Trabajar"},"content":{"rendered":"<div class=\"wpb-content-wrapper\"><div class=\"vc_row wpb_row vc_row-fluid vc_column-gap-15\"><div class=\"wow fadeIn delay--2 wpb_column vc_column_container vc_col-sm-4\"><div class=\"vc_column-inner\"><div class=\"wpb_wrapper\">\n\t<div  class=\"wpb_single_image wpb_content_element vc_align_left wpb_content_element\">\n\t\t\n\t\t<figure class=\"wpb_wrapper vc_figure\">\n\t\t\t<div class=\"vc_single_image-wrapper   vc_box_border_grey\"><img loading=\"lazy\" decoding=\"async\" width=\"805\" height=\"527\" src=\"https:\/\/tnitrenton.org\/wp-content\/uploads\/2023\/02\/work-1.jpg\" class=\"vc_single_image-img attachment-large\" alt=\"\" title=\"trabajar\" srcset=\"https:\/\/tnitrenton.org\/wp-content\/uploads\/2023\/02\/work-1.jpg 805w, https:\/\/tnitrenton.org\/wp-content\/uploads\/2023\/02\/work-1-300x196.jpg 300w, https:\/\/tnitrenton.org\/wp-content\/uploads\/2023\/02\/work-1-768x503.jpg 768w, https:\/\/tnitrenton.org\/wp-content\/uploads\/2023\/02\/work-1-575x375.jpg 575w\" sizes=\"auto, (max-width: 805px) 100vw, 805px\" \/><\/div>\n\t\t<\/figure>\n\t<\/div>\n<h5 style=\"color: #ff9e1b;text-align: left\" class=\"vc_custom_heading vc_do_custom_heading\" >Descripci\u00f3n general<\/h5>\n\t<div class=\"wpb_text_column wpb_content_element\" >\n\t\t<div class=\"wpb_wrapper\">\n\t\t\t<p><span style=\"font-weight: 400;\">TNI est\u00e1 ayudando a los habitantes de Trenton a obtener acceso a la educaci\u00f3n y la capacitaci\u00f3n necesarias para la econom\u00eda actual, preparando y creando fuentes de empleo para que los residentes trabajen en Capital Health y apoyando a las empresas locales.<\/span><\/p>\n<p><em>Please click below to find out more information on business support grants, and courses.\u00a0<\/em><\/p>\n\n\t\t<\/div>\n\t<\/div>\n<div class=\"vc_btn3-container vc_btn3-inline vc_do_btn\" ><a class=\"vc_general vc_btn3 vc_btn3-size-md vc_btn3-shape-rounded vc_btn3-style-flat vc_btn3-color-warning\" href=\"https:\/\/tnitrenton.org\/es\/businesssupport\/\" title=\"\" target=\"_blank\">Soporte Empresarial<\/a><\/div><\/div><\/div><\/div><div class=\"wpb_column vc_column_container vc_col-sm-8\"><div class=\"vc_column-inner\"><div class=\"wpb_wrapper\">\n\t<div  class=\"wpb_single_image wpb_content_element vc_align_left wpb_content_element  img-shadow wow fadeIn delay--1\">\n\t\t\n\t\t<figure class=\"wpb_wrapper vc_figure\">\n\t\t\t<div class=\"vc_single_image-wrapper   vc_box_border_grey\"><img loading=\"lazy\" decoding=\"async\" width=\"2257\" height=\"1178\" src=\"https:\/\/tnitrenton.org\/wp-content\/uploads\/2025\/01\/0O8A3995-scaled-e1737992954885.jpg\" class=\"vc_single_image-img attachment-full\" alt=\"\" title=\"0O8A3995-scaled-e1737992954885\" srcset=\"https:\/\/tnitrenton.org\/wp-content\/uploads\/2025\/01\/0O8A3995-scaled-e1737992954885.jpg 2257w, https:\/\/tnitrenton.org\/wp-content\/uploads\/2025\/01\/0O8A3995-scaled-e1737992954885-300x157.jpg 300w, https:\/\/tnitrenton.org\/wp-content\/uploads\/2025\/01\/0O8A3995-scaled-e1737992954885-1024x534.jpg 1024w, https:\/\/tnitrenton.org\/wp-content\/uploads\/2025\/01\/0O8A3995-scaled-e1737992954885-768x401.jpg 768w, https:\/\/tnitrenton.org\/wp-content\/uploads\/2025\/01\/0O8A3995-scaled-e1737992954885-1536x802.jpg 1536w, https:\/\/tnitrenton.org\/wp-content\/uploads\/2025\/01\/0O8A3995-scaled-e1737992954885-2048x1069.jpg 2048w, https:\/\/tnitrenton.org\/wp-content\/uploads\/2025\/01\/0O8A3995-scaled-e1737992954885-18x9.jpg 18w\" sizes=\"auto, (max-width: 2257px) 100vw, 2257px\" \/><\/div>\n\t\t<\/figure>\n\t<\/div>\n<\/div><\/div><\/div><\/div><div data-vc-full-width=\"true\" data-vc-full-width-temp=\"true\" data-vc-full-width-init=\"false\" class=\"vc_row wpb_row vc_row-fluid vc_custom_1677164649708 vc_row-has-fill\"><div class=\"wpb_column vc_column_container vc_col-sm-12\"><div class=\"vc_column-inner\"><div class=\"wpb_wrapper\"><h2 style=\"color: #ffffff;text-align: left\" class=\"vc_custom_heading vc_do_custom_heading\" >As\u00ed es como TNI est\u00e1 ayudando a los residentes hoy:<\/h2><\/div><\/div><\/div><\/div><div class=\"vc_row-full-width vc_clearfix\"><\/div><div class=\"vc_row wpb_row vc_row-fluid vc_custom_1498577294827\"><div class=\"wpb_column vc_column_container vc_col-sm-4\"><div class=\"vc_column-inner\"><div class=\"wpb_wrapper\"><h4 style=\"color: #ff9e1b;text-align: left\" class=\"vc_custom_heading vc_do_custom_heading wow fadeIn delay--1\" >Becas en Mercer County Community College (MCCC)<\/h4><\/div><\/div><\/div><div class=\"wpb_column vc_column_container vc_col-sm-8\"><div class=\"vc_column-inner\"><div class=\"wpb_wrapper\">\n\t<div class=\"wpb_text_column wpb_content_element wow fadeIn delay--2\" >\n\t\t<div class=\"wpb_wrapper\">\n\t\t\t<p><span style=\"font-weight: 400;\">TNI sponsors scholarships of up to $5,000 per year per student for a limited number of Trenton residents, including those who work at Capital Health, who attend short-term credentialing or Associate&#8217;s Degree programs in health-related fields at MCCC. This supplemental financial aid can be used for tuition, books, technology, program costs, transportation, and childcare. To learn more, or to apply, email\u00a0<a href=\"mailto:comed@mccc.edu\" target=\"_blank\" rel=\"noopener\">comed@mccc.edu<\/a>\u00a0or visit tnischolarship.mccc.edu.<\/span><\/p>\n\n\t\t<\/div>\n\t<\/div>\n<\/div><\/div><\/div><\/div><div class=\"vc_row wpb_row vc_row-fluid vc_custom_1498577426855\"><div class=\"wpb_column vc_column_container vc_col-sm-4\"><div class=\"vc_column-inner\"><div class=\"wpb_wrapper\"><h4 style=\"color: #ff9e1b;text-align: left\" class=\"vc_custom_heading vc_do_custom_heading wow fadeIn delay--1\" >Academia EMT de Capital Health<\/h4><\/div><\/div><\/div><div class=\"wpb_column vc_column_container vc_col-sm-8\"><div class=\"vc_column-inner\"><div class=\"wpb_wrapper\">\n\t<div class=\"wpb_text_column wpb_content_element wow fadeIn delay--2\" >\n\t\t<div class=\"wpb_wrapper\">\n\t\t\t<p><span style=\"font-weight: 400;\">La Academia EMT de Capital Health est\u00e1 capacitando a futuros T\u00e9cnicos en Emergencias M\u00e9dicas (EMT) para que trabajen a tiempo completo en Capital Health. El programa est\u00e1 abierto a cualquier persona que quiera seguir una nueva carrera o est\u00e9 comenzando. Visita el <\/span><a href=\"https:\/\/www.capitalhealth.org\/medical-services\/emergency-medical-services\"><span style=\"font-weight: 400;\">Capital Salud<\/span><\/a><span style=\"font-weight: 400;\"> sitio web para obtener m\u00e1s informaci\u00f3n.<\/span><\/p>\n\n\t\t<\/div>\n\t<\/div>\n<\/div><\/div><\/div><\/div><div class=\"vc_row wpb_row vc_row-fluid vc_custom_1498577433811\"><div class=\"wpb_column vc_column_container vc_col-sm-4\"><div class=\"vc_column-inner\"><div class=\"wpb_wrapper\"><h4 style=\"color: #ff9e1b;text-align: left\" class=\"vc_custom_heading vc_do_custom_heading wow fadeIn delay--1\" >Caminos hacia las carreras de Capital Health<\/h4><\/div><\/div><\/div><div class=\"wpb_column vc_column_container vc_col-sm-8\"><div class=\"vc_column-inner\"><div class=\"wpb_wrapper\">\n\t<div class=\"wpb_text_column wpb_content_element wow fadeIn delay--2\" >\n\t\t<div class=\"wpb_wrapper\">\n\t\t\t<p><span style=\"font-weight: 400;\">Capital Health is committed to hiring Trenton residents, supporting education and new career pipelines.\u00a0<\/span><\/p>\n\n\t\t<\/div>\n\t<\/div>\n<\/div><\/div><\/div><\/div><div class=\"vc_row wpb_row vc_row-fluid vc_custom_1498577433811\"><div class=\"wpb_column vc_column_container vc_col-sm-4\"><div class=\"vc_column-inner\"><div class=\"wpb_wrapper\"><h4 style=\"color: #ff9e1b;text-align: left\" class=\"vc_custom_heading vc_do_custom_heading wow fadeIn delay--1\" >Apoyo a las peque\u00f1as empresas<\/h4><\/div><\/div><\/div><div class=\"wpb_column vc_column_container vc_col-sm-8\"><div class=\"vc_column-inner\"><div class=\"wpb_wrapper\">\n\t<div class=\"wpb_text_column wpb_content_element wow fadeIn delay--2\" >\n\t\t<div class=\"wpb_wrapper\">\n\t\t\t<p><span style=\"font-weight: 400;\">In Spring 2023, we surveyed local business owners in the TNI area to identify their needs. Since then, we&#8217;ve created <a href=\"https:\/\/tnitrenton.org\/es\/businesssupport\/\">funding and workshop opportunities<\/a> to promote <\/span><span style=\"font-weight: 400;\">the growth and success of businesses in our area.<\/span><\/p>\n\n\t\t<\/div>\n\t<\/div>\n<\/div><\/div><\/div><\/div>\n<\/div>","protected":false},"excerpt":{"rendered":"Overview TNI is helping Trentonians gain access to the education and training needed for today\u2019s economy, preparing and creating employment pipelines for residents to work at Capital Health, and supporting [...]","protected":false},"author":1,"featured_media":0,"parent":0,"menu_order":0,"comment_status":"closed","ping_status":"closed","template":"page-full-width.php","meta":{"_monsterinsights_skip_tracking":false,"_monsterinsights_sitenote_active":false,"_monsterinsights_sitenote_note":"","_monsterinsights_sitenote_category":0,"footnotes":""},"class_list":["post-72378","page","type-page","status-publish","hentry"],"yoast_head":"<!-- This site is optimized with the Yoast SEO plugin v27.3 - https:\/\/yoast.com\/product\/yoast-seo-wordpress\/ -->\n<title>Work - Trenton Neighborhood Initiative<\/title>\n<meta name=\"robots\" content=\"index, follow, max-snippet:-1, max-image-preview:large, max-video-preview:-1\" \/>\n<link rel=\"canonical\" href=\"https:\/\/tnitrenton.org\/es\/work\/\" \/>\n<meta property=\"og:locale\" content=\"es_MX\" \/>\n<meta property=\"og:type\" content=\"article\" \/>\n<meta property=\"og:title\" content=\"Work - Trenton Neighborhood Initiative\" \/>\n<meta property=\"og:url\" content=\"https:\/\/tnitrenton.org\/es\/work\/\" \/>\n<meta property=\"og:site_name\" content=\"Trenton Neighborhood Initiative\" \/>\n<meta property=\"article:publisher\" content=\"https:\/\/www.facebook.com\/trentonhealthteam\" \/>\n<meta property=\"article:modified_time\" content=\"2025-10-27T14:37:31+00:00\" \/>\n<meta name=\"twitter:card\" content=\"summary_large_image\" \/>\n<meta name=\"twitter:site\" content=\"@TrentonHealth\" \/>\n<meta name=\"twitter:label1\" content=\"Tiempo de lectura\" \/>\n\t<meta name=\"twitter:data1\" content=\"2 minutos\" \/>\n<script type=\"application\/ld+json\" class=\"yoast-schema-graph\">{\"@context\":\"https:\\\/\\\/schema.org\",\"@graph\":[{\"@type\":\"WebPage\",\"@id\":\"https:\\\/\\\/tnitrenton.org\\\/work\\\/\",\"url\":\"https:\\\/\\\/tnitrenton.org\\\/work\\\/\",\"name\":\"Work - Trenton Neighborhood Initiative\",\"isPartOf\":{\"@id\":\"https:\\\/\\\/tnitrenton.org\\\/#website\"},\"datePublished\":\"2023-02-23T14:59:48+00:00\",\"dateModified\":\"2025-10-27T14:37:31+00:00\",\"breadcrumb\":{\"@id\":\"https:\\\/\\\/tnitrenton.org\\\/work\\\/#breadcrumb\"},\"inLanguage\":\"es\",\"potentialAction\":[{\"@type\":\"ReadAction\",\"target\":[\"https:\\\/\\\/tnitrenton.org\\\/work\\\/\"]}]},{\"@type\":\"BreadcrumbList\",\"@id\":\"https:\\\/\\\/tnitrenton.org\\\/work\\\/#breadcrumb\",\"itemListElement\":[{\"@type\":\"ListItem\",\"position\":1,\"name\":\"Home\",\"item\":\"https:\\\/\\\/tnitrenton.org\\\/\"},{\"@type\":\"ListItem\",\"position\":2,\"name\":\"Work\"}]},{\"@type\":\"WebSite\",\"@id\":\"https:\\\/\\\/tnitrenton.org\\\/#website\",\"url\":\"https:\\\/\\\/tnitrenton.org\\\/\",\"name\":\"Trenton Neighborhood Initiative\",\"description\":\"test\",\"publisher\":{\"@id\":\"https:\\\/\\\/tnitrenton.org\\\/#organization\"},\"potentialAction\":[{\"@type\":\"SearchAction\",\"target\":{\"@type\":\"EntryPoint\",\"urlTemplate\":\"https:\\\/\\\/tnitrenton.org\\\/?s={search_term_string}\"},\"query-input\":{\"@type\":\"PropertyValueSpecification\",\"valueRequired\":true,\"valueName\":\"search_term_string\"}}],\"inLanguage\":\"es\"},{\"@type\":\"Organization\",\"@id\":\"https:\\\/\\\/tnitrenton.org\\\/#organization\",\"name\":\"Trenton Neighborhood Initiative\",\"url\":\"https:\\\/\\\/tnitrenton.org\\\/\",\"logo\":{\"@type\":\"ImageObject\",\"inLanguage\":\"es\",\"@id\":\"https:\\\/\\\/tnitrenton.org\\\/#\\\/schema\\\/logo\\\/image\\\/\",\"url\":\"https:\\\/\\\/tnitrenton.org\\\/wp-content\\\/uploads\\\/2023\\\/01\\\/cropped-tni_logo.jpg\",\"contentUrl\":\"https:\\\/\\\/tnitrenton.org\\\/wp-content\\\/uploads\\\/2023\\\/01\\\/cropped-tni_logo.jpg\",\"width\":900,\"height\":245,\"caption\":\"Trenton Neighborhood Initiative\"},\"image\":{\"@id\":\"https:\\\/\\\/tnitrenton.org\\\/#\\\/schema\\\/logo\\\/image\\\/\"},\"sameAs\":[\"https:\\\/\\\/www.facebook.com\\\/trentonhealthteam\",\"https:\\\/\\\/x.com\\\/TrentonHealth\"]}]}<\/script>\n<!-- \/ Yoast SEO plugin. -->","yoast_head_json":{"title":"Work - Trenton Neighborhood Initiative","robots":{"index":"index","follow":"follow","max-snippet":"max-snippet:-1","max-image-preview":"max-image-preview:large","max-video-preview":"max-video-preview:-1"},"canonical":"https:\/\/tnitrenton.org\/es\/work\/","og_locale":"es_MX","og_type":"article","og_title":"Work - Trenton Neighborhood Initiative","og_url":"https:\/\/tnitrenton.org\/es\/work\/","og_site_name":"Trenton Neighborhood Initiative","article_publisher":"https:\/\/www.facebook.com\/trentonhealthteam","article_modified_time":"2025-10-27T14:37:31+00:00","twitter_card":"summary_large_image","twitter_site":"@TrentonHealth","twitter_misc":{"Tiempo de lectura":"2 minutos"},"schema":{"@context":"https:\/\/schema.org","@graph":[{"@type":"WebPage","@id":"https:\/\/tnitrenton.org\/work\/","url":"https:\/\/tnitrenton.org\/work\/","name":"Work - Trenton Neighborhood Initiative","isPartOf":{"@id":"https:\/\/tnitrenton.org\/#website"},"datePublished":"2023-02-23T14:59:48+00:00","dateModified":"2025-10-27T14:37:31+00:00","breadcrumb":{"@id":"https:\/\/tnitrenton.org\/work\/#breadcrumb"},"inLanguage":"es","potentialAction":[{"@type":"ReadAction","target":["https:\/\/tnitrenton.org\/work\/"]}]},{"@type":"BreadcrumbList","@id":"https:\/\/tnitrenton.org\/work\/#breadcrumb","itemListElement":[{"@type":"ListItem","position":1,"name":"Home","item":"https:\/\/tnitrenton.org\/"},{"@type":"ListItem","position":2,"name":"Work"}]},{"@type":"WebSite","@id":"https:\/\/tnitrenton.org\/#website","url":"https:\/\/tnitrenton.org\/","name":"Iniciativa del vecindario de Trenton","description":"test","publisher":{"@id":"https:\/\/tnitrenton.org\/#organization"},"potentialAction":[{"@type":"SearchAction","target":{"@type":"EntryPoint","urlTemplate":"https:\/\/tnitrenton.org\/?s={search_term_string}"},"query-input":{"@type":"PropertyValueSpecification","valueRequired":true,"valueName":"search_term_string"}}],"inLanguage":"es"},{"@type":"Organization","@id":"https:\/\/tnitrenton.org\/#organization","name":"Iniciativa del vecindario de Trenton","url":"https:\/\/tnitrenton.org\/","logo":{"@type":"ImageObject","inLanguage":"es","@id":"https:\/\/tnitrenton.org\/#\/schema\/logo\/image\/","url":"https:\/\/tnitrenton.org\/wp-content\/uploads\/2023\/01\/cropped-tni_logo.jpg","contentUrl":"https:\/\/tnitrenton.org\/wp-content\/uploads\/2023\/01\/cropped-tni_logo.jpg","width":900,"height":245,"caption":"Trenton Neighborhood Initiative"},"image":{"@id":"https:\/\/tnitrenton.org\/#\/schema\/logo\/image\/"},"sameAs":["https:\/\/www.facebook.com\/trentonhealthteam","https:\/\/x.com\/TrentonHealth"]}]}},"featured_image_src":null,"featured_image_src_square":null,"_links":{"self":[{"href":"https:\/\/tnitrenton.org\/es\/wp-json\/wp\/v2\/pages\/72378","targetHints":{"allow":["GET"]}}],"collection":[{"href":"https:\/\/tnitrenton.org\/es\/wp-json\/wp\/v2\/pages"}],"about":[{"href":"https:\/\/tnitrenton.org\/es\/wp-json\/wp\/v2\/types\/page"}],"author":[{"embeddable":true,"href":"https:\/\/tnitrenton.org\/es\/wp-json\/wp\/v2\/users\/1"}],"replies":[{"embeddable":true,"href":"https:\/\/tnitrenton.org\/es\/wp-json\/wp\/v2\/comments?post=72378"}],"version-history":[{"count":0,"href":"https:\/\/tnitrenton.org\/es\/wp-json\/wp\/v2\/pages\/72378\/revisions"}],"wp:attachment":[{"href":"https:\/\/tnitrenton.org\/es\/wp-json\/wp\/v2\/media?parent=72378"}],"curies":[{"name":"wp","href":"https:\/\/api.w.org\/{rel}","templated":true}]}}