{"id":72414,"date":"2023-03-31T09:37:38","date_gmt":"2023-03-31T13:37:38","guid":{"rendered":"https:\/\/tnitrenton.org\/about-copy\/"},"modified":"2025-04-07T12:08:27","modified_gmt":"2025-04-07T16:08:27","slug":"get-involved","status":"publish","type":"page","link":"https:\/\/tnitrenton.org\/es\/get-involved\/","title":{"rendered":"Involucrarse"},"content":{"rendered":"<div class=\"wpb-content-wrapper\"><div class=\"vc_row wpb_row vc_row-fluid vc_custom_1498582609305\"><div class=\"wpb_column vc_column_container vc_col-sm-2\"><div class=\"vc_column-inner\"><div class=\"wpb_wrapper\"><\/div><\/div><\/div><div class=\"wpb_column vc_column_container vc_col-sm-8\"><div class=\"vc_column-inner\"><div class=\"wpb_wrapper\">\n\t<div class=\"wpb_text_column wpb_content_element text\" >\n\t\t<div class=\"wpb_wrapper\">\n\t\t\t<h4><span style=\"font-weight: 400;\">If you are looking for services, or have a comment or question about TNI,<\/span><span style=\"font-weight: 400;\"> please fill out our <a href=\"\/es\/#contact\">Formulario de contacto<\/a> o comun\u00edquese con nosotros al (609) 256-4555 x400 o <\/span><a href=\"mailto:tni@trentonhealthteam.org\"><span style=\"font-weight: 400;\">tni@trentonhealthteam.org<\/span><\/a><span style=\"font-weight: 400;\">.<\/span><\/h4>\n\n\t\t<\/div>\n\t<\/div>\n<\/div><\/div><\/div><div class=\"wpb_column vc_column_container vc_col-sm-2\"><div class=\"vc_column-inner\"><div class=\"wpb_wrapper\"><\/div><\/div><\/div><\/div><div class=\"vc_row wpb_row vc_row-fluid\"><div class=\"wpb_column vc_column_container vc_col-sm-12\"><div class=\"vc_column-inner\"><div class=\"wpb_wrapper\"><h2 style=\"color: #009bdf;text-align: left\" class=\"vc_custom_heading vc_do_custom_heading\" >Apoyo TNI<\/h2><\/div><\/div><\/div><\/div><div class=\"vc_row wpb_row vc_row-fluid vc_custom_1498582609305\"><div class=\"wpb_column vc_column_container vc_col-sm-2\"><div class=\"vc_column-inner\"><div class=\"wpb_wrapper\"><\/div><\/div><\/div><div class=\"wpb_column vc_column_container vc_col-sm-8\"><div class=\"vc_column-inner\"><div class=\"wpb_wrapper\">\n\t<div class=\"wpb_text_column wpb_content_element wow fadeIn delay--1\" >\n\t\t<div class=\"wpb_wrapper\">\n\t\t\t<p><b>The time has come for a broader vision of well-being in Trenton.<\/b><\/p>\n<p><span style=\"font-weight: 400;\">Capital Health is deeply committed to improving the well-being of the people we serve in the communities that surround us. We also understand that health is more than healthcare, and that 80 percent of our health is determined by societal factors. TNI focuses on home ownership and rehabilitation, job training and employment, digital equity, and healthy beginnings to support the needs of new parents and their families, as well as citywide strategies to improve housing and reduce lead poisoning.<\/span><\/p>\n<p><span style=\"font-weight: 400;\">Como principal empleador en la regi\u00f3n, proveedor de atenci\u00f3n m\u00e9dica y motor econ\u00f3mico de la econom\u00eda local, Capital Health est\u00e1 aprovechando nuestro papel como instituci\u00f3n ancla y uni\u00e9ndose a nuestros socios en Trenton y el condado de Mercer para revitalizar nuestra comunidad para nuestros residentes.<\/span><\/p>\n<p><b>La Iniciativa del Vecindario de Trenton (TNI) es una asociaci\u00f3n comunitaria visionaria<\/b><span style=\"font-weight: 400;\"> codirigido por Capital Health y Trenton Health Team (una coalici\u00f3n multisectorial que trabaja por la equidad en salud) que representa la inversi\u00f3n de $10 millones de Capital Health en cinco a\u00f1os en un enfoque de toda la comunidad para el cambio transformador.<\/span><\/p>\n<p><b>La Iniciativa del Vecindario de Trenton: Una Asociaci\u00f3n con un Plan<\/b><\/p>\n<p><span style=\"font-weight: 400;\">Los objetivos de la Iniciativa del vecindario de Trenton (TNI) se organizan en torno a cuatro pilares del proyecto:<\/span><span style=\"font-weight: 400;\"><br \/>\n<\/span><\/p>\n<ul>\n<li style=\"font-weight: 400;\" aria-level=\"1\"><b>VIVIR <\/b><span style=\"font-weight: 400;\">\u2014 Propiedad de vivienda, remodelaci\u00f3n de vecindarios, pol\u00edtica de vivienda\u00a0<\/span><\/li>\n<li style=\"font-weight: 400;\" aria-level=\"1\"><b>TRABAJAR <\/b><span style=\"font-weight: 400;\">\u2014 Capacitaci\u00f3n laboral, educaci\u00f3n y apoyo a peque\u00f1as empresas<\/span><\/li>\n<li style=\"font-weight: 400;\" aria-level=\"1\"><b>CRECER <\/b><span style=\"font-weight: 400;\">\u2014 Bienestar infantil y familiar<\/span><\/li>\n<li style=\"font-weight: 400;\" aria-level=\"1\"><b>CONECTAR <\/b><span style=\"font-weight: 400;\">\u2014 Mayor acceso a Internet y computadoras<\/span><\/li>\n<\/ul>\n<p><b>TNI es un esfuerzo colaborativo. Usted tambi\u00e9n puede hacer una diferencia.<\/b><\/p>\n<p>TNI is generously supported by Allied Universal, Bank of America, the Bristol Myers Squibb Foundation, Investors Bank, Janssen\/Johnson &amp; Johnson, Labcorp, Citizens Bank Philanthropic Foundation, the George H. Sands and Estelle M. Sands Foundation, Princeton Mercer Regional Chamber, Sodexo, the Wawa Foundation and many other corporate and private foundation partners.<\/p>\n<p><span style=\"font-weight: 400;\">Para unirse a esta oportunidad \u00fanica de impactar a nuestra comunidad, puede hacer su donaci\u00f3n de apoyo o para recibir m\u00e1s informaci\u00f3n sobre esta iniciativa transformadora, comun\u00edquese con Capital Health Foundation:\u00a0<\/span><\/p>\n<p><span style=\"font-weight: 400;\">Tel\u00e9fono: 609-303-4121<br \/>\n<\/span><span style=\"font-weight: 400;\">Correo electr\u00f3nico: <a href=\"mailto:foundation@capitalhealth.org\" target=\"_blank\" rel=\"noopener\">foundation@capitalhealth.org<\/a><\/span><br \/>\n<span style=\"font-weight: 400;\">En l\u00ednea: <\/span><a href=\"https:\/\/www.capitalhealth.org\/donate\/make-gift-now\"><span style=\"font-weight: 400;\">Haga una donaci\u00f3n en l\u00ednea | Hospitales Capitales de la Salud<\/span><\/a><br \/>\n<span style=\"font-weight: 400;\">Correo: Two Capital Way, Suite 361, Pennington, NJ 08534<\/span><\/p>\n\n\t\t<\/div>\n\t<\/div>\n<\/div><\/div><\/div><div class=\"wpb_column vc_column_container vc_col-sm-2\"><div class=\"vc_column-inner\"><div class=\"wpb_wrapper\"><\/div><\/div><\/div><\/div>\n<\/div>","protected":false},"excerpt":{"rendered":"If you are looking for services, or have a comment or question about TNI, please fill out our contact form or reach out to us at (609) 256-4555 x400 or [...]","protected":false},"author":1,"featured_media":0,"parent":0,"menu_order":0,"comment_status":"closed","ping_status":"closed","template":"page-full-width.php","meta":{"_monsterinsights_skip_tracking":false,"_monsterinsights_sitenote_active":false,"_monsterinsights_sitenote_note":"","_monsterinsights_sitenote_category":0,"footnotes":""},"class_list":["post-72414","page","type-page","status-publish","hentry"],"yoast_head":"<!-- This site is optimized with the Yoast SEO plugin v27.1.1 - https:\/\/yoast.com\/product\/yoast-seo-wordpress\/ -->\n<title>Get Involved - Trenton Neighborhood Initiative<\/title>\n<meta name=\"robots\" content=\"index, follow, max-snippet:-1, max-image-preview:large, max-video-preview:-1\" \/>\n<link rel=\"canonical\" href=\"https:\/\/tnitrenton.org\/es\/get-involved\/\" \/>\n<meta property=\"og:locale\" content=\"es_MX\" \/>\n<meta property=\"og:type\" content=\"article\" \/>\n<meta property=\"og:title\" content=\"Get Involved - Trenton Neighborhood Initiative\" \/>\n<meta property=\"og:url\" content=\"https:\/\/tnitrenton.org\/es\/get-involved\/\" \/>\n<meta property=\"og:site_name\" content=\"Trenton Neighborhood Initiative\" \/>\n<meta property=\"article:publisher\" content=\"https:\/\/www.facebook.com\/trentonhealthteam\" \/>\n<meta property=\"article:modified_time\" content=\"2025-04-07T16:08:27+00:00\" \/>\n<meta name=\"twitter:card\" content=\"summary_large_image\" \/>\n<meta name=\"twitter:site\" content=\"@TrentonHealth\" \/>\n<meta name=\"twitter:label1\" content=\"Tiempo de lectura\" \/>\n\t<meta name=\"twitter:data1\" content=\"2 minutos\" \/>\n<script type=\"application\/ld+json\" class=\"yoast-schema-graph\">{\"@context\":\"https:\/\/schema.org\",\"@graph\":[{\"@type\":\"WebPage\",\"@id\":\"https:\/\/tnitrenton.org\/get-involved\/\",\"url\":\"https:\/\/tnitrenton.org\/get-involved\/\",\"name\":\"Get Involved - Trenton Neighborhood Initiative\",\"isPartOf\":{\"@id\":\"https:\/\/tnitrenton.org\/#website\"},\"datePublished\":\"2023-03-31T13:37:38+00:00\",\"dateModified\":\"2025-04-07T16:08:27+00:00\",\"breadcrumb\":{\"@id\":\"https:\/\/tnitrenton.org\/get-involved\/#breadcrumb\"},\"inLanguage\":\"es\",\"potentialAction\":[{\"@type\":\"ReadAction\",\"target\":[\"https:\/\/tnitrenton.org\/get-involved\/\"]}]},{\"@type\":\"BreadcrumbList\",\"@id\":\"https:\/\/tnitrenton.org\/get-involved\/#breadcrumb\",\"itemListElement\":[{\"@type\":\"ListItem\",\"position\":1,\"name\":\"Home\",\"item\":\"https:\/\/tnitrenton.org\/\"},{\"@type\":\"ListItem\",\"position\":2,\"name\":\"Get Involved\"}]},{\"@type\":\"WebSite\",\"@id\":\"https:\/\/tnitrenton.org\/#website\",\"url\":\"https:\/\/tnitrenton.org\/\",\"name\":\"Trenton Neighborhood Initiative\",\"description\":\"test\",\"publisher\":{\"@id\":\"https:\/\/tnitrenton.org\/#organization\"},\"potentialAction\":[{\"@type\":\"SearchAction\",\"target\":{\"@type\":\"EntryPoint\",\"urlTemplate\":\"https:\/\/tnitrenton.org\/?s={search_term_string}\"},\"query-input\":{\"@type\":\"PropertyValueSpecification\",\"valueRequired\":true,\"valueName\":\"search_term_string\"}}],\"inLanguage\":\"es\"},{\"@type\":\"Organization\",\"@id\":\"https:\/\/tnitrenton.org\/#organization\",\"name\":\"Trenton Neighborhood Initiative\",\"url\":\"https:\/\/tnitrenton.org\/\",\"logo\":{\"@type\":\"ImageObject\",\"inLanguage\":\"es\",\"@id\":\"https:\/\/tnitrenton.org\/#\/schema\/logo\/image\/\",\"url\":\"https:\/\/tnitrenton.org\/wp-content\/uploads\/2023\/01\/cropped-tni_logo.jpg\",\"contentUrl\":\"https:\/\/tnitrenton.org\/wp-content\/uploads\/2023\/01\/cropped-tni_logo.jpg\",\"width\":900,\"height\":245,\"caption\":\"Trenton Neighborhood Initiative\"},\"image\":{\"@id\":\"https:\/\/tnitrenton.org\/#\/schema\/logo\/image\/\"},\"sameAs\":[\"https:\/\/www.facebook.com\/trentonhealthteam\",\"https:\/\/x.com\/TrentonHealth\"]}]}<\/script>\n<!-- \/ Yoast SEO plugin. -->","yoast_head_json":{"title":"Get Involved - Trenton Neighborhood Initiative","robots":{"index":"index","follow":"follow","max-snippet":"max-snippet:-1","max-image-preview":"max-image-preview:large","max-video-preview":"max-video-preview:-1"},"canonical":"https:\/\/tnitrenton.org\/es\/get-involved\/","og_locale":"es_MX","og_type":"article","og_title":"Get Involved - Trenton Neighborhood Initiative","og_url":"https:\/\/tnitrenton.org\/es\/get-involved\/","og_site_name":"Trenton Neighborhood Initiative","article_publisher":"https:\/\/www.facebook.com\/trentonhealthteam","article_modified_time":"2025-04-07T16:08:27+00:00","twitter_card":"summary_large_image","twitter_site":"@TrentonHealth","twitter_misc":{"Tiempo de lectura":"2 minutos"},"schema":{"@context":"https:\/\/schema.org","@graph":[{"@type":"WebPage","@id":"https:\/\/tnitrenton.org\/get-involved\/","url":"https:\/\/tnitrenton.org\/get-involved\/","name":"Get Involved - Trenton Neighborhood Initiative","isPartOf":{"@id":"https:\/\/tnitrenton.org\/#website"},"datePublished":"2023-03-31T13:37:38+00:00","dateModified":"2025-04-07T16:08:27+00:00","breadcrumb":{"@id":"https:\/\/tnitrenton.org\/get-involved\/#breadcrumb"},"inLanguage":"es","potentialAction":[{"@type":"ReadAction","target":["https:\/\/tnitrenton.org\/get-involved\/"]}]},{"@type":"BreadcrumbList","@id":"https:\/\/tnitrenton.org\/get-involved\/#breadcrumb","itemListElement":[{"@type":"ListItem","position":1,"name":"Home","item":"https:\/\/tnitrenton.org\/"},{"@type":"ListItem","position":2,"name":"Get Involved"}]},{"@type":"WebSite","@id":"https:\/\/tnitrenton.org\/#website","url":"https:\/\/tnitrenton.org\/","name":"Iniciativa del vecindario de Trenton","description":"test","publisher":{"@id":"https:\/\/tnitrenton.org\/#organization"},"potentialAction":[{"@type":"SearchAction","target":{"@type":"EntryPoint","urlTemplate":"https:\/\/tnitrenton.org\/?s={search_term_string}"},"query-input":{"@type":"PropertyValueSpecification","valueRequired":true,"valueName":"search_term_string"}}],"inLanguage":"es"},{"@type":"Organization","@id":"https:\/\/tnitrenton.org\/#organization","name":"Iniciativa del vecindario de Trenton","url":"https:\/\/tnitrenton.org\/","logo":{"@type":"ImageObject","inLanguage":"es","@id":"https:\/\/tnitrenton.org\/#\/schema\/logo\/image\/","url":"https:\/\/tnitrenton.org\/wp-content\/uploads\/2023\/01\/cropped-tni_logo.jpg","contentUrl":"https:\/\/tnitrenton.org\/wp-content\/uploads\/2023\/01\/cropped-tni_logo.jpg","width":900,"height":245,"caption":"Trenton Neighborhood Initiative"},"image":{"@id":"https:\/\/tnitrenton.org\/#\/schema\/logo\/image\/"},"sameAs":["https:\/\/www.facebook.com\/trentonhealthteam","https:\/\/x.com\/TrentonHealth"]}]}},"featured_image_src":null,"featured_image_src_square":null,"_links":{"self":[{"href":"https:\/\/tnitrenton.org\/es\/wp-json\/wp\/v2\/pages\/72414","targetHints":{"allow":["GET"]}}],"collection":[{"href":"https:\/\/tnitrenton.org\/es\/wp-json\/wp\/v2\/pages"}],"about":[{"href":"https:\/\/tnitrenton.org\/es\/wp-json\/wp\/v2\/types\/page"}],"author":[{"embeddable":true,"href":"https:\/\/tnitrenton.org\/es\/wp-json\/wp\/v2\/users\/1"}],"replies":[{"embeddable":true,"href":"https:\/\/tnitrenton.org\/es\/wp-json\/wp\/v2\/comments?post=72414"}],"version-history":[{"count":0,"href":"https:\/\/tnitrenton.org\/es\/wp-json\/wp\/v2\/pages\/72414\/revisions"}],"wp:attachment":[{"href":"https:\/\/tnitrenton.org\/es\/wp-json\/wp\/v2\/media?parent=72414"}],"curies":[{"name":"wp","href":"https:\/\/api.w.org\/{rel}","templated":true}]}}